{"id":832,"date":"2026-02-25T01:51:10","date_gmt":"2026-02-25T01:51:10","guid":{"rendered":"https:\/\/lestudio.ca\/dev\/?page_id=832"},"modified":"2026-03-01T22:23:19","modified_gmt":"2026-03-01T22:23:19","slug":"gestion-de-reputation-en-ligne-a-ottawa","status":"publish","type":"page","link":"https:\/\/lswd-dev.ca\/studio\/gestion-de-reputation-en-ligne-a-ottawa\/","title":{"rendered":"Gestion de r\u00e9putation en ligne \u00e0 Ottawa"},"content":{"rendered":"<div class=\"et_pb_section_0 et_pb_section et_section_regular et_flex_section\">\n<div class=\"et_pb_row_0 et_pb_row et_flex_row\">\n<div class=\"et_pb_column_0 et_pb_column et-last-child et_flex_column et_pb_css_mix_blend_mode_passthrough et_flex_column_24_24 et_flex_column_24_24_tablet et_flex_column_24_24_phone et_flex_column_24_24_phoneWide et_flex_column_24_24_tabletWide et_flex_column_24_24_widescreen et_flex_column_24_24_ultraWide\">\n<div class=\"et_pb_heading_0 et_pb_heading et_pb_module et_flex_module preset--group--divi-heading--divi-text--default preset--group--divi-heading--divi-font--default\"><div class=\"et_pb_heading_container\"><h1 class=\"et_pb_module_header\">Gestion de r\u00e9putation en ligne \u00e0 Ottawa<\/h1><\/div><\/div>\n\n<div class=\"et_pb_text_0 et_pb_text et_pb_bg_layout_light et_pb_module et_flex_module preset--group--divi-text--divi-font-body--default\"><div class=\"et_pb_text_inner\"><p data-start=\"154\" data-end=\"288\">Prot\u00e9gez et renforcez l\u2019image de votre entreprise gr\u00e2ce \u00e0 une strat\u00e9gie structur\u00e9e de gestion des avis et de votre pr\u00e9sence num\u00e9rique.<\/p>\n<\/div><\/div>\n<\/div>\n<\/div>\n<\/div>\n\n<div class=\"et_pb_section_1 et_pb_section et_section_regular et_flex_section\">\n<div class=\"et_pb_row_1 et_pb_row et_flex_row\">\n<div class=\"et_pb_column_1 et_pb_column et-last-child et_flex_column et_pb_css_mix_blend_mode_passthrough et_flex_column_24_24 et_flex_column_24_24_tablet et_flex_column_24_24_phone et_flex_column_24_24_phoneWide et_flex_column_24_24_tabletWide et_flex_column_24_24_widescreen et_flex_column_24_24_ultraWide\">\n<div class=\"et_pb_heading_1 et_pb_heading et_pb_module et_flex_module preset--group--divi-heading--divi-text--default preset--group--divi-heading--divi-font--default\"><div class=\"et_pb_heading_container\"><h2 class=\"et_pb_module_header\">Pourquoi la gestion de r\u00e9putation en ligne \u00e0 Ottawa influence vos ventes<\/h2><\/div><\/div>\n\n<div class=\"et_pb_text_1 et_pb_text et_pb_bg_layout_light et_pb_module et_flex_module preset--group--divi-text--divi-font-body--default\"><div class=\"et_pb_text_inner\"><p data-start=\"189\" data-end=\"524\">Aujourd\u2019hui, avant de contacter une entreprise, les consommateurs consultent les avis en ligne, analysent les notes et \u00e9valuent la cr\u00e9dibilit\u00e9 globale de la marque. Une pr\u00e9sence num\u00e9rique non ma\u00eetris\u00e9e, des avis n\u00e9gatifs non trait\u00e9s ou une absence de strat\u00e9gie peuvent freiner la d\u00e9cision d\u2019achat, m\u00eame si vos services sont de qualit\u00e9.<\/p>\n<p data-start=\"526\" data-end=\"777\">La gestion de r\u00e9putation ne consiste pas simplement \u00e0 surveiller Google. Elle implique une approche structur\u00e9e : suivi des avis, r\u00e9ponses professionnelles, strat\u00e9gie d\u2019acquisition d\u2019avis positifs et coh\u00e9rence de l\u2019image sur l\u2019ensemble des plateformes.<\/p>\n<p data-start=\"779\" data-end=\"1022\">Chez <strong data-start=\"784\" data-end=\"797\">Le Studio WebDesign<\/strong>, nous accompagnons les entreprises dans la structuration de leur r\u00e9putation en ligne afin de renforcer leur cr\u00e9dibilit\u00e9, d\u2019am\u00e9liorer leur visibilit\u00e9 locale et de transformer les avis clients en v\u00e9ritable levier de confiance.<\/p>\n<\/div><\/div>\n<\/div>\n<\/div>\n<\/div>\n\n<div class=\"et_pb_section_2 et_pb_section et_section_regular et_flex_section\">\n<div class=\"et_pb_row_2 et_pb_row et_flex_row\">\n<div class=\"et_pb_column_2 et_pb_column et-last-child et_flex_column et_pb_css_mix_blend_mode_passthrough et_flex_column_24_24 et_flex_column_24_24_tablet et_flex_column_24_24_phone et_flex_column_24_24_phoneWide et_flex_column_24_24_tabletWide et_flex_column_24_24_widescreen et_flex_column_24_24_ultraWide\">\n<div class=\"et_pb_heading_2 et_pb_heading et_pb_module et_flex_module preset--group--divi-heading--divi-text--default preset--group--divi-heading--divi-font--default\"><div class=\"et_pb_heading_container\"><h2 class=\"et_pb_module_header\">Notre approche en gestion des avis clients<\/h2><\/div><\/div>\n\n<div class=\"et_pb_text_2 et_pb_text et_pb_bg_layout_light et_pb_module et_flex_module preset--group--divi-text--divi-font-body--default\"><div class=\"et_pb_text_inner\"><p data-start=\"159\" data-end=\"427\">Chez <strong data-start=\"164\" data-end=\"177\">Le Studio WebDesign<\/strong>, la gestion de r\u00e9putation en ligne repose sur une m\u00e9thode claire et proactive. Nous commen\u00e7ons par analyser votre pr\u00e9sence actuelle : notes moyennes, volume d\u2019avis, fr\u00e9quence, coh\u00e9rence des r\u00e9ponses et positionnement sur les principales plateformes.<\/p>\n<p data-start=\"429\" data-end=\"711\">\u00c0 partir de cet \u00e9tat des lieux, nous mettons en place une strat\u00e9gie adapt\u00e9e \u00e0 votre r\u00e9alit\u00e9. Cela inclut l\u2019optimisation de votre profil, la mise en place d\u2019un processus structur\u00e9 de collecte d\u2019avis et une gestion professionnelle des r\u00e9ponses, qu\u2019elles soient positives ou n\u00e9gatives.<\/p>\n<p data-start=\"713\" data-end=\"961\">R\u00e9pondre aux avis ne consiste pas \u00e0 remercier automatiquement chaque client. Il s\u2019agit de renforcer la cr\u00e9dibilit\u00e9 de votre entreprise, de rassurer les prospects qui lisent ces \u00e9changes et de d\u00e9montrer votre engagement envers la qualit\u00e9 de service.<\/p>\n<p data-start=\"963\" data-end=\"1133\">L\u2019objectif est de transformer votre r\u00e9putation num\u00e9rique en avantage concurrentiel mesurable, en particulier sur le march\u00e9 local o\u00f9 la confiance joue un r\u00f4le d\u00e9terminant.<\/p>\n<\/div><\/div>\n<\/div>\n<\/div>\n<\/div>\n\n<div class=\"et_pb_section_3 et_pb_section et_section_regular et_flex_section\">\n<div class=\"et_pb_row_3 et_pb_row et_flex_row\">\n<div class=\"et_pb_column_3 et_pb_column et-last-child et_flex_column et_pb_css_mix_blend_mode_passthrough et_flex_column_24_24 et_flex_column_24_24_tablet et_flex_column_24_24_phone et_flex_column_24_24_phoneWide et_flex_column_24_24_tabletWide et_flex_column_24_24_widescreen et_flex_column_24_24_ultraWide\">\n<div class=\"et_pb_heading_3 et_pb_heading et_pb_module et_flex_module preset--group--divi-heading--divi-text--default preset--group--divi-heading--divi-font--default\"><div class=\"et_pb_heading_container\"><h2 class=\"et_pb_module_header\">Impact de la r\u00e9putation num\u00e9rique sur votre visibilit\u00e9 locale <\/h2><\/div><\/div>\n\n<div class=\"et_pb_text_3 et_pb_text et_pb_bg_layout_light et_pb_module et_flex_module preset--group--divi-text--divi-font-body--default\"><div class=\"et_pb_text_inner\"><p data-start=\"199\" data-end=\"559\">La r\u00e9putation en ligne influence directement votre visibilit\u00e9 locale. Les plateformes d\u2019avis et les profils d\u2019entreprise jouent un r\u00f4le d\u00e9terminant dans les r\u00e9sultats de recherche locaux. Un volume d\u2019avis r\u00e9gulier, des r\u00e9ponses professionnelles et une note coh\u00e9rente renforcent votre cr\u00e9dibilit\u00e9 aux yeux des utilisateurs \u2014 mais aussi des moteurs de recherche.<\/p>\n<p data-start=\"561\" data-end=\"880\">Une gestion structur\u00e9e de la r\u00e9putation am\u00e9liore le taux de clic sur votre fiche, rassure les prospects avant la prise de contact et augmente la probabilit\u00e9 de conversion. \u00c0 l\u2019inverse, des avis non trait\u00e9s ou une pr\u00e9sence n\u00e9glig\u00e9e peuvent r\u00e9duire significativement vos opportunit\u00e9s, m\u00eame si votre offre est comp\u00e9titive.<\/p>\n<p data-start=\"882\" data-end=\"1116\">Chez <strong data-start=\"887\" data-end=\"900\">Le Studio WebDesign<\/strong>, la gestion de r\u00e9putation s\u2019int\u00e8gre dans une logique globale de performance digitale. L\u2019objectif n\u2019est pas seulement de prot\u00e9ger votre image, mais d\u2019en faire un levier concret d\u2019acquisition et de croissance durable.<\/p>\n<\/div><\/div>\n<\/div>\n<\/div>\n<\/div>\n\n<div class=\"et_pb_section_4 et_pb_section et_section_regular et_flex_section\">\n<div class=\"et_pb_row_4 et_pb_row et_flex_row\">\n<div class=\"et_pb_column_4 et_pb_column et-last-child et_flex_column et_pb_css_mix_blend_mode_passthrough et_flex_column_24_24 et_flex_column_24_24_tablet et_flex_column_24_24_phone et_flex_column_24_24_phoneWide et_flex_column_24_24_tabletWide et_flex_column_24_24_widescreen et_flex_column_24_24_ultraWide\">\n<div class=\"et_pb_heading_4 et_pb_heading et_pb_module et_flex_module preset--group--divi-heading--divi-text--default preset--group--divi-heading--divi-font--default\"><div class=\"et_pb_heading_container\"><h2 class=\"et_pb_module_header\">Renforcez votre cr\u00e9dibilit\u00e9 en ligne<\/h2><\/div><\/div>\n\n<div class=\"et_pb_text_4 et_pb_text et_pb_bg_layout_light et_pb_module et_flex_module preset--group--divi-text--divi-font-body--default\"><div class=\"et_pb_text_inner\"><p data-start=\"159\" data-end=\"427\">Votre r\u00e9putation digitale influence directement la perception de votre entreprise et votre capacit\u00e9 \u00e0 convertir.<br data-start=\"239\" data-end=\"242\" \/>Si vous souhaitez structurer la gestion de vos avis et optimiser votre pr\u00e9sence locale, nous pouvons analyser votre situation actuelle et d\u00e9finir une strat\u00e9gie adapt\u00e9e.<\/p>\n<\/div><\/div>\n\n<div class=\"et_pb_module et_pb_button_module_wrapper et_pb_button_0_wrapper preset--group--divi-button--divi-text--default_wrapper preset--group--divi-button--divi-button--default_wrapper preset--group--divi-button--divi-font--default_wrapper\"><a class=\"et_pb_button_0 et_pb_button et_pb_bg_layout_dark et_pb_module et_flex_module preset--group--divi-button--divi-text--default preset--group--divi-button--divi-button--default preset--group--divi-button--divi-font--default\" href=\"https:\/\/lswd-dev.ca\/studio\/nous-contacter\/\" target=\"_blank\">Demander un audit de r\u00e9putation<\/a><\/div>\n<\/div>\n<\/div>\n<\/div>","protected":false},"excerpt":{"rendered":"","protected":false},"author":2,"featured_media":0,"parent":0,"menu_order":0,"comment_status":"closed","ping_status":"closed","template":"","meta":{"_seopress_robots_primary_cat":"","_seopress_titles_title":"Gestion de r\u00e9putation en ligne \u00e0 Ottawa | Le Studio","_seopress_titles_desc":"Strat\u00e9gie de gestion de r\u00e9putation en ligne \u00e0 Ottawa. Optimisation des avis Google, r\u00e9ponses professionnelles et am\u00e9lioration de votre visibilit\u00e9 locale.","_seopress_robots_index":"","footnotes":""},"class_list":["post-832","page","type-page","status-publish","hentry"],"_links":{"self":[{"href":"https:\/\/lswd-dev.ca\/studio\/wp-json\/wp\/v2\/pages\/832","targetHints":{"allow":["GET"]}}],"collection":[{"href":"https:\/\/lswd-dev.ca\/studio\/wp-json\/wp\/v2\/pages"}],"about":[{"href":"https:\/\/lswd-dev.ca\/studio\/wp-json\/wp\/v2\/types\/page"}],"author":[{"embeddable":true,"href":"https:\/\/lswd-dev.ca\/studio\/wp-json\/wp\/v2\/users\/2"}],"replies":[{"embeddable":true,"href":"https:\/\/lswd-dev.ca\/studio\/wp-json\/wp\/v2\/comments?post=832"}],"version-history":[{"count":5,"href":"https:\/\/lswd-dev.ca\/studio\/wp-json\/wp\/v2\/pages\/832\/revisions"}],"predecessor-version":[{"id":1077,"href":"https:\/\/lswd-dev.ca\/studio\/wp-json\/wp\/v2\/pages\/832\/revisions\/1077"}],"wp:attachment":[{"href":"https:\/\/lswd-dev.ca\/studio\/wp-json\/wp\/v2\/media?parent=832"}],"curies":[{"name":"wp","href":"https:\/\/api.w.org\/{rel}","templated":true}]}}